{"id":2617,"date":"2023-06-05T11:51:02","date_gmt":"2023-06-05T14:51:02","guid":{"rendered":"https:\/\/www.hand2hand.cl\/pacific\/?page_id=2617"},"modified":"2023-08-23T16:50:20","modified_gmt":"2023-08-23T19:50:20","slug":"pl-usa-deu","status":"publish","type":"page","link":"https:\/\/pacificlogisticgroup.com\/index.php\/de\/pl-usa-deu\/","title":{"rendered":"PL USA-deu"},"content":{"rendered":"\t\t<div data-elementor-type=\"wp-page\" data-elementor-id=\"2617\" class=\"elementor elementor-2617\">\n\t\t\t\t\t\t<div class=\"elementor-inner\">\n\t\t\t\t<div class=\"elementor-section-wrap\">\n\t\t\t\t\t\t\t\t\t<section class=\"elementor-section elementor-top-section elementor-element elementor-element-16c918c elementor-section-boxed elementor-section-height-default elementor-section-height-default\" data-id=\"16c918c\" data-element_type=\"section\" data-settings=\"{&quot;background_background&quot;:&quot;classic&quot;}\">\n\t\t\t\t\t\t<div class=\"elementor-container elementor-column-gap-default\">\n\t\t\t\t\t\t\t<div class=\"elementor-row\">\n\t\t\t\t\t<div class=\"aux-parallax-section elementor-column elementor-col-100 elementor-top-column elementor-element elementor-element-42eb837\" data-id=\"42eb837\" data-element_type=\"column\">\n\t\t\t<div class=\"elementor-column-wrap elementor-element-populated\">\n\t\t\t\t\t\t\t<div class=\"elementor-widget-wrap\">\n\t\t\t\t\t\t<div class=\"elementor-element elementor-element-4bbbc03 elementor-widget elementor-widget-aux_modern_heading\" data-id=\"4bbbc03\" data-element_type=\"widget\" data-widget_type=\"aux_modern_heading.default\">\n\t\t\t\t<div class=\"elementor-widget-container\">\n\t\t\t<section class=\"aux-widget-modern-heading\">\n            <div class=\"aux-widget-inner\"><h2 class=\"aux-modern-heading-primary\"><\/h2><h3 class=\"aux-modern-heading-secondary\"><span class=\"aux-head-highlight\">Experten f\u00fcr<\/span><span class=\"aux-head-after\">K\u00fchlfracht, T\u00fcrabholung, Lagerung und LTL \u2013 FCL<\/span><\/h3><\/div>\n        <\/section>\t\t<\/div>\n\t\t\t\t<\/div>\n\t\t\t\t\t\t<\/div>\n\t\t\t\t\t<\/div>\n\t\t<\/div>\n\t\t\t\t\t\t\t\t<\/div>\n\t\t\t\t\t<\/div>\n\t\t<\/section>\n\t\t\t\t<section class=\"elementor-section elementor-top-section elementor-element elementor-element-62138849 elementor-section-boxed elementor-section-height-default elementor-section-height-default\" data-id=\"62138849\" data-element_type=\"section\">\n\t\t\t\t\t\t<div class=\"elementor-container elementor-column-gap-no\">\n\t\t\t\t\t\t\t<div class=\"elementor-row\">\n\t\t\t\t\t<div class=\"aux-parallax-section elementor-column elementor-col-100 elementor-top-column elementor-element elementor-element-6b5394b2\" data-id=\"6b5394b2\" data-element_type=\"column\">\n\t\t\t<div class=\"elementor-column-wrap elementor-element-populated\">\n\t\t\t\t\t\t\t<div class=\"elementor-widget-wrap\">\n\t\t\t\t\t\t<div class=\"elementor-element elementor-element-7a87e3b8 aux-appear-watch-animation aux-fade-in-up elementor-widget elementor-widget-aux_modern_heading\" data-id=\"7a87e3b8\" data-element_type=\"widget\" data-widget_type=\"aux_modern_heading.default\">\n\t\t\t\t<div class=\"elementor-widget-container\">\n\t\t\t<section class=\"aux-widget-modern-heading\">\n            <div class=\"aux-widget-inner\"><h5 class=\"aux-modern-heading-primary\"><\/h5><h3 class=\"aux-modern-heading-secondary\"><span class=\"aux-head-before\">Pacific Logistic USA<\/span><\/h3><div class=\"aux-modern-heading-divider\"><\/div><div class=\"aux-modern-heading-description\">Unsere Mission bei Pacific Logistic USA ist es, Ihnen den besten Service entsprechend Ihren Bed\u00fcrfnissen zu bieten. Nachfolgend finden Sie eine vollst\u00e4ndige Liste der von uns angebotenen Dienstleistungen:<\/div><\/div>\n        <\/section>\t\t<\/div>\n\t\t\t\t<\/div>\n\t\t\t\t\t\t<\/div>\n\t\t\t\t\t<\/div>\n\t\t<\/div>\n\t\t\t\t\t\t\t\t<\/div>\n\t\t\t\t\t<\/div>\n\t\t<\/section>\n\t\t\t\t<section class=\"elementor-section elementor-top-section elementor-element elementor-element-67616f4c elementor-reverse-mobile elementor-section-boxed elementor-section-height-default elementor-section-height-default\" data-id=\"67616f4c\" data-element_type=\"section\" data-settings=\"{&quot;background_background&quot;:&quot;classic&quot;}\">\n\t\t\t\t\t\t<div class=\"elementor-container elementor-column-gap-no\">\n\t\t\t\t\t\t\t<div class=\"elementor-row\">\n\t\t\t\t\t<div class=\"aux-parallax-section elementor-column elementor-col-50 elementor-top-column elementor-element elementor-element-664839ba\" data-id=\"664839ba\" data-element_type=\"column\">\n\t\t\t<div class=\"elementor-column-wrap elementor-element-populated\">\n\t\t\t\t\t\t\t<div class=\"elementor-widget-wrap\">\n\t\t\t\t\t\t<div class=\"elementor-element elementor-element-3bd73b9b aux-appear-watch-animation aux-fade-in-up-1 elementor-widget elementor-widget-aux_modern_heading\" data-id=\"3bd73b9b\" data-element_type=\"widget\" data-widget_type=\"aux_modern_heading.default\">\n\t\t\t\t<div class=\"elementor-widget-container\">\n\t\t\t<section class=\"aux-widget-modern-heading\">\n            <div class=\"aux-widget-inner\"><h2 class=\"aux-modern-heading-primary\">Luftfrachtdienste<\/h2><div class=\"aux-modern-heading-description\"><ul><li>T\u00e4gliche Luftkonsolidierungsdienste weltweit<\/li><li>Voll- und Split-Charter<\/li><li>IATA-Direktdienste<\/li><li>Transportversicherung<\/li><li>DAP\/DDP-Dienst<\/li><\/ul><\/div><\/div>\n        <\/section>\t\t<\/div>\n\t\t\t\t<\/div>\n\t\t\t\t\t\t<\/div>\n\t\t\t\t\t<\/div>\n\t\t<\/div>\n\t\t\t\t<div class=\"aux-parallax-section elementor-column elementor-col-50 elementor-top-column elementor-element elementor-element-2512a342\" data-id=\"2512a342\" data-element_type=\"column\" data-settings=\"{&quot;background_background&quot;:&quot;classic&quot;}\">\n\t\t\t<div class=\"elementor-column-wrap elementor-element-populated\">\n\t\t\t\t\t\t\t<div class=\"elementor-widget-wrap\">\n\t\t\t\t\t\t<div class=\"elementor-element elementor-element-3beb7587 elementor-widget elementor-widget-aux_image\" data-id=\"3beb7587\" data-element_type=\"widget\" data-widget_type=\"aux_image.default\">\n\t\t\t\t<div class=\"elementor-widget-container\">\n\t\t\t<section class=\"widget-container aux-widget-image aux-alignnone aux-parent-aubb73f0c6\">\n    <div class=\"aux-media-hint-frame \">\n        <div class=\"aux-media-image \" >\n        \n            \n\n            \n            <img decoding=\"async\" loading=\"lazy\" width=\"650\" height=\"532\" src=\"https:\/\/pacificlogisticgroup.com\/wp-content\/uploads\/2023\/05\/portfolio-img-plusa-11-1024x1024.jpg\" class=\"aux-attachment aux-featured-image aux-attachment-id-2248\" alt=\"portfolio-img-plusa-11\" srcset=\"https:\/\/pacificlogisticgroup.com\/wp-content\/uploads\/2023\/05\/portfolio-img-plusa-11-150x150.jpg 150w,https:\/\/pacificlogisticgroup.com\/wp-content\/uploads\/2023\/05\/portfolio-img-plusa-11-300x300.jpg 300w,https:\/\/pacificlogisticgroup.com\/wp-content\/uploads\/2023\/05\/portfolio-img-plusa-11-1024x1024.jpg 650w\" data-ratio=\"1\" data-original-w=\"650\" sizes=\"(max-width:479px) 480px,(max-width:767px) 768px,(max-width:1023px) 1024px,650px\" \/>            \n                <\/div>\n    <\/div>\n\n<\/section><!-- widget-container -->\t\t<\/div>\n\t\t\t\t<\/div>\n\t\t\t\t\t\t<\/div>\n\t\t\t\t\t<\/div>\n\t\t<\/div>\n\t\t\t\t\t\t\t\t<\/div>\n\t\t\t\t\t<\/div>\n\t\t<\/section>\n\t\t\t\t<section class=\"elementor-section elementor-top-section elementor-element elementor-element-591dbf44 elementor-section-boxed elementor-section-height-default elementor-section-height-default\" data-id=\"591dbf44\" data-element_type=\"section\" data-settings=\"{&quot;background_background&quot;:&quot;classic&quot;}\">\n\t\t\t\t\t\t\t<div class=\"elementor-background-overlay\"><\/div>\n\t\t\t\t\t\t\t<div class=\"elementor-container elementor-column-gap-no\">\n\t\t\t\t\t\t\t<div class=\"elementor-row\">\n\t\t\t\t\t<div class=\"aux-parallax-section elementor-column elementor-col-50 elementor-top-column elementor-element elementor-element-35f88822\" data-id=\"35f88822\" data-element_type=\"column\" data-settings=\"{&quot;background_background&quot;:&quot;classic&quot;}\">\n\t\t\t<div class=\"elementor-column-wrap elementor-element-populated\">\n\t\t\t\t\t\t\t<div class=\"elementor-widget-wrap\">\n\t\t\t\t\t\t<div class=\"elementor-element elementor-element-48731364 elementor-widget elementor-widget-aux_image\" data-id=\"48731364\" data-element_type=\"widget\" data-settings=\"{&quot;_animation&quot;:&quot;none&quot;}\" data-widget_type=\"aux_image.default\">\n\t\t\t\t<div class=\"elementor-widget-container\">\n\t\t\t<section class=\"widget-container aux-widget-image aux-alignnone aux-parent-au05dc627f\">\n    <div class=\"aux-media-hint-frame \">\n        <div class=\"aux-media-image \" >\n        \n            \n\n            \n            <img decoding=\"async\" loading=\"lazy\" width=\"650\" height=\"532\" src=\"https:\/\/pacificlogisticgroup.com\/wp-content\/uploads\/2023\/04\/portfolio-img-plusa-04-1024x1024.jpg\" class=\"aux-attachment aux-featured-image aux-attachment-id-1876\" alt=\"portfolio-img-plusa-04\" srcset=\"https:\/\/pacificlogisticgroup.com\/wp-content\/uploads\/2023\/04\/portfolio-img-plusa-04-150x150.jpg 150w,https:\/\/pacificlogisticgroup.com\/wp-content\/uploads\/2023\/04\/portfolio-img-plusa-04-300x300.jpg 300w,https:\/\/pacificlogisticgroup.com\/wp-content\/uploads\/2023\/04\/portfolio-img-plusa-04-1024x1024.jpg 650w\" data-ratio=\"1\" data-original-w=\"650\" sizes=\"(max-width:479px) 480px,(max-width:767px) 768px,(max-width:1023px) 1024px,650px\" \/>            \n                <\/div>\n    <\/div>\n\n<\/section><!-- widget-container -->\t\t<\/div>\n\t\t\t\t<\/div>\n\t\t\t\t\t\t<\/div>\n\t\t\t\t\t<\/div>\n\t\t<\/div>\n\t\t\t\t<div class=\"aux-parallax-section elementor-column elementor-col-50 elementor-top-column elementor-element elementor-element-4bca8163\" data-id=\"4bca8163\" data-element_type=\"column\">\n\t\t\t<div class=\"elementor-column-wrap elementor-element-populated\">\n\t\t\t\t\t\t\t<div class=\"elementor-widget-wrap\">\n\t\t\t\t\t\t<div class=\"elementor-element elementor-element-1acc12c7 aux-appear-watch-animation aux-fade-in-up-1 elementor-widget elementor-widget-aux_modern_heading\" data-id=\"1acc12c7\" data-element_type=\"widget\" data-widget_type=\"aux_modern_heading.default\">\n\t\t\t\t<div class=\"elementor-widget-container\">\n\t\t\t<section class=\"aux-widget-modern-heading\">\n            <div class=\"aux-widget-inner\"><h2 class=\"aux-modern-heading-primary\">Seefrachtdienste<\/h2><div class=\"aux-modern-heading-description\"><ul>\n \t<li>FCL-, LCL-Dienste und konventioneller Versand<\/li>\n \t<li>Weltweite Multimodal-Dienste<\/li>\n \t<li>F\u00fcllen und Auspacken von Beh\u00e4ltern<\/li>\n \t<li>NVOCC-Dienste<\/li>\n \t<li>Dokumentation exportieren\/importieren<\/li>\n<li>Transportversicherung<\/li>\n <li>Auftragsverwaltung<\/li>\n<\/ul><\/div><\/div>\n        <\/section>\t\t<\/div>\n\t\t\t\t<\/div>\n\t\t\t\t\t\t<\/div>\n\t\t\t\t\t<\/div>\n\t\t<\/div>\n\t\t\t\t\t\t\t\t<\/div>\n\t\t\t\t\t<\/div>\n\t\t<\/section>\n\t\t\t\t<section class=\"elementor-section elementor-top-section elementor-element elementor-element-eaad2e2 elementor-reverse-mobile elementor-section-boxed elementor-section-height-default elementor-section-height-default\" data-id=\"eaad2e2\" data-element_type=\"section\" data-settings=\"{&quot;background_background&quot;:&quot;classic&quot;}\">\n\t\t\t\t\t\t<div class=\"elementor-container elementor-column-gap-no\">\n\t\t\t\t\t\t\t<div class=\"elementor-row\">\n\t\t\t\t\t<div class=\"aux-parallax-section elementor-column elementor-col-50 elementor-top-column elementor-element elementor-element-5032baf\" data-id=\"5032baf\" data-element_type=\"column\">\n\t\t\t<div class=\"elementor-column-wrap elementor-element-populated\">\n\t\t\t\t\t\t\t<div class=\"elementor-widget-wrap\">\n\t\t\t\t\t\t<div class=\"elementor-element elementor-element-496879e aux-appear-watch-animation aux-fade-in-up-1 elementor-widget elementor-widget-aux_modern_heading\" data-id=\"496879e\" data-element_type=\"widget\" data-widget_type=\"aux_modern_heading.default\">\n\t\t\t\t<div class=\"elementor-widget-container\">\n\t\t\t<section class=\"aux-widget-modern-heading\">\n            <div class=\"aux-widget-inner\"><h2 class=\"aux-modern-heading-primary\">Vertrieb und lagerung<\/h2><div class=\"aux-modern-heading-description\"><ul>\n \t<li>Internationale Luft- und Seeabfertigung<\/li>\n \t<li>Kontrollierter Zugang und Sicherheitsfunktionen im modernen Gewerbegebiet<\/li>\n \t<li>Allgemeine Lagerung<\/li>\n \t<li>CFS-Station<\/li>\n \t<li>F\u00fcllen und Auspacken von Beh\u00e4ltern<\/li>\n \t<li>Pick &amp; Pack \u2013 Auftragsverwaltung<\/li>\n <li>Bestandsverwaltung<\/li>\n <li>Qualit\u00e4tskontrolle<\/li>\n \t<li>Versicherung<\/li>\n<\/ul><\/div><\/div>\n        <\/section>\t\t<\/div>\n\t\t\t\t<\/div>\n\t\t\t\t\t\t<\/div>\n\t\t\t\t\t<\/div>\n\t\t<\/div>\n\t\t\t\t<div class=\"aux-parallax-section elementor-column elementor-col-50 elementor-top-column elementor-element elementor-element-4032420\" data-id=\"4032420\" data-element_type=\"column\" data-settings=\"{&quot;background_background&quot;:&quot;classic&quot;}\">\n\t\t\t<div class=\"elementor-column-wrap elementor-element-populated\">\n\t\t\t\t\t\t\t<div class=\"elementor-widget-wrap\">\n\t\t\t\t\t\t<div class=\"elementor-element elementor-element-d213d33 elementor-widget elementor-widget-aux_image\" data-id=\"d213d33\" data-element_type=\"widget\" data-widget_type=\"aux_image.default\">\n\t\t\t\t<div class=\"elementor-widget-container\">\n\t\t\t<section class=\"widget-container aux-widget-image aux-alignnone aux-parent-au799ea19d\">\n    <div class=\"aux-media-hint-frame \">\n        <div class=\"aux-media-image \" >\n        \n            \n\n            \n            <img decoding=\"async\" loading=\"lazy\" width=\"650\" height=\"532\" src=\"https:\/\/pacificlogisticgroup.com\/wp-content\/uploads\/2023\/04\/portfolio-img-plusa-01-1024x1024.jpg\" class=\"aux-attachment aux-featured-image aux-attachment-id-1879\" alt=\"portfolio-img-plusa-01\" srcset=\"https:\/\/pacificlogisticgroup.com\/wp-content\/uploads\/2023\/04\/portfolio-img-plusa-01-150x150.jpg 150w,https:\/\/pacificlogisticgroup.com\/wp-content\/uploads\/2023\/04\/portfolio-img-plusa-01-300x300.jpg 300w,https:\/\/pacificlogisticgroup.com\/wp-content\/uploads\/2023\/04\/portfolio-img-plusa-01-1024x1024.jpg 650w\" data-ratio=\"1\" data-original-w=\"650\" sizes=\"(max-width:479px) 480px,(max-width:767px) 768px,(max-width:1023px) 1024px,650px\" \/>            \n                <\/div>\n    <\/div>\n\n<\/section><!-- widget-container -->\t\t<\/div>\n\t\t\t\t<\/div>\n\t\t\t\t\t\t<\/div>\n\t\t\t\t\t<\/div>\n\t\t<\/div>\n\t\t\t\t\t\t\t\t<\/div>\n\t\t\t\t\t<\/div>\n\t\t<\/section>\n\t\t\t\t<section class=\"elementor-section elementor-top-section elementor-element elementor-element-cdb7535 elementor-section-boxed elementor-section-height-default elementor-section-height-default\" data-id=\"cdb7535\" data-element_type=\"section\" data-settings=\"{&quot;background_background&quot;:&quot;classic&quot;}\">\n\t\t\t\t\t\t\t<div class=\"elementor-background-overlay\"><\/div>\n\t\t\t\t\t\t\t<div class=\"elementor-container elementor-column-gap-no\">\n\t\t\t\t\t\t\t<div class=\"elementor-row\">\n\t\t\t\t\t<div class=\"aux-parallax-section elementor-column elementor-col-50 elementor-top-column elementor-element elementor-element-d27ff1f\" data-id=\"d27ff1f\" data-element_type=\"column\" data-settings=\"{&quot;background_background&quot;:&quot;classic&quot;}\">\n\t\t\t<div class=\"elementor-column-wrap elementor-element-populated\">\n\t\t\t\t\t\t\t<div class=\"elementor-widget-wrap\">\n\t\t\t\t\t\t<div class=\"elementor-element elementor-element-8684013 elementor-widget elementor-widget-aux_image\" data-id=\"8684013\" data-element_type=\"widget\" data-settings=\"{&quot;_animation&quot;:&quot;none&quot;}\" data-widget_type=\"aux_image.default\">\n\t\t\t\t<div class=\"elementor-widget-container\">\n\t\t\t<section class=\"widget-container aux-widget-image aux-alignnone aux-parent-au56ae2e60\">\n    <div class=\"aux-media-hint-frame \">\n        <div class=\"aux-media-image \" >\n        \n            \n\n            \n            <img decoding=\"async\" loading=\"lazy\" width=\"650\" height=\"532\" src=\"https:\/\/pacificlogisticgroup.com\/wp-content\/uploads\/2023\/05\/portfolio-img-plusa-09-1024x1024.jpg\" class=\"aux-attachment aux-featured-image aux-attachment-id-2123\" alt=\"portfolio-img-plusa-09\" srcset=\"https:\/\/pacificlogisticgroup.com\/wp-content\/uploads\/2023\/05\/portfolio-img-plusa-09-150x150.jpg 150w,https:\/\/pacificlogisticgroup.com\/wp-content\/uploads\/2023\/05\/portfolio-img-plusa-09-300x300.jpg 300w,https:\/\/pacificlogisticgroup.com\/wp-content\/uploads\/2023\/05\/portfolio-img-plusa-09-1024x1024.jpg 650w\" data-ratio=\"1\" data-original-w=\"650\" sizes=\"(max-width:479px) 480px,(max-width:767px) 768px,(max-width:1023px) 1024px,650px\" \/>            \n                <\/div>\n    <\/div>\n\n<\/section><!-- widget-container -->\t\t<\/div>\n\t\t\t\t<\/div>\n\t\t\t\t\t\t<\/div>\n\t\t\t\t\t<\/div>\n\t\t<\/div>\n\t\t\t\t<div class=\"aux-parallax-section elementor-column elementor-col-50 elementor-top-column elementor-element elementor-element-a77323e\" data-id=\"a77323e\" data-element_type=\"column\">\n\t\t\t<div class=\"elementor-column-wrap elementor-element-populated\">\n\t\t\t\t\t\t\t<div class=\"elementor-widget-wrap\">\n\t\t\t\t\t\t<div class=\"elementor-element elementor-element-7e1702b aux-appear-watch-animation aux-fade-in-up-1 elementor-widget elementor-widget-aux_modern_heading\" data-id=\"7e1702b\" data-element_type=\"widget\" data-widget_type=\"aux_modern_heading.default\">\n\t\t\t\t<div class=\"elementor-widget-container\">\n\t\t\t<section class=\"aux-widget-modern-heading\">\n            <div class=\"aux-widget-inner\"><h2 class=\"aux-modern-heading-primary\">Import-zollabfertigung<\/h2><div class=\"aux-modern-heading-description\"><ul><li>Pers\u00f6nlicher individueller Service \"24\/7-Erreichbarkeit\" (keine Anrufbeantworter \u2013 lokales und bestens geschultes Kundenservice-Team)<\/li><li>Compliance durch kontinuierliche Aus- und Weiterbildung<\/li><li>Zollagentenlizenz (lokale und nationale Genehmigung) verf\u00fcgbar<\/li><li>Hervorragende Bilanz bei ABI- und ISF-Transaktionen<\/li><\/ul><\/div><\/div>\n        <\/section>\t\t<\/div>\n\t\t\t\t<\/div>\n\t\t\t\t\t\t<\/div>\n\t\t\t\t\t<\/div>\n\t\t<\/div>\n\t\t\t\t\t\t\t\t<\/div>\n\t\t\t\t\t<\/div>\n\t\t<\/section>\n\t\t\t\t<section class=\"elementor-section elementor-top-section elementor-element elementor-element-59e29ab elementor-reverse-mobile elementor-section-boxed elementor-section-height-default elementor-section-height-default\" data-id=\"59e29ab\" data-element_type=\"section\" data-settings=\"{&quot;background_background&quot;:&quot;classic&quot;}\">\n\t\t\t\t\t\t<div class=\"elementor-container elementor-column-gap-no\">\n\t\t\t\t\t\t\t<div class=\"elementor-row\">\n\t\t\t\t\t<div class=\"aux-parallax-section elementor-column elementor-col-50 elementor-top-column elementor-element elementor-element-5b80244\" data-id=\"5b80244\" data-element_type=\"column\">\n\t\t\t<div class=\"elementor-column-wrap elementor-element-populated\">\n\t\t\t\t\t\t\t<div class=\"elementor-widget-wrap\">\n\t\t\t\t\t\t<div class=\"elementor-element elementor-element-003be00 aux-appear-watch-animation aux-fade-in-up-1 elementor-widget elementor-widget-aux_modern_heading\" data-id=\"003be00\" data-element_type=\"widget\" data-widget_type=\"aux_modern_heading.default\">\n\t\t\t\t<div class=\"elementor-widget-container\">\n\t\t\t<section class=\"aux-widget-modern-heading\">\n            <div class=\"aux-widget-inner\"><h2 class=\"aux-modern-heading-primary\">Projektlogistik<\/h2><div class=\"aux-modern-heading-description\"><ul><li><span><span>Transport-(Routen-)Erhebungen<\/span><\/span><\/li><li><span><span class=\"\">Anbieter von Logistikl\u00f6sungen, vom Lieferanten bis zur Baustelle<\/span><\/span><\/li><li><span><span>Projektberatung<\/span><\/span><\/li><li><span><span>Berechnung der Logistikkosten f\u00fcr Budgetplanungszwecke<\/span><\/span><\/li><li><span><span class=\"VIpgJd-yAWNEb-VIpgJd-fmcmS-sn54Q\">Projektplanung und -analyse<\/span><\/span><\/li><\/ul><\/div><\/div>\n        <\/section>\t\t<\/div>\n\t\t\t\t<\/div>\n\t\t\t\t\t\t<\/div>\n\t\t\t\t\t<\/div>\n\t\t<\/div>\n\t\t\t\t<div class=\"aux-parallax-section elementor-column elementor-col-50 elementor-top-column elementor-element elementor-element-4223738\" data-id=\"4223738\" data-element_type=\"column\" data-settings=\"{&quot;background_background&quot;:&quot;classic&quot;}\">\n\t\t\t<div class=\"elementor-column-wrap elementor-element-populated\">\n\t\t\t\t\t\t\t<div class=\"elementor-widget-wrap\">\n\t\t\t\t\t\t<div class=\"elementor-element elementor-element-c5a1fa0 elementor-widget elementor-widget-aux_image\" data-id=\"c5a1fa0\" data-element_type=\"widget\" data-widget_type=\"aux_image.default\">\n\t\t\t\t<div class=\"elementor-widget-container\">\n\t\t\t<section class=\"widget-container aux-widget-image aux-alignnone aux-parent-au9ab611ca\">\n    <div class=\"aux-media-hint-frame \">\n        <div class=\"aux-media-image \" >\n        \n            \n\n            \n            <img decoding=\"async\" loading=\"lazy\" width=\"650\" height=\"532\" src=\"https:\/\/pacificlogisticgroup.com\/wp-content\/uploads\/2023\/04\/portfolio-img-plusa-06-1024x1024.jpg\" class=\"aux-attachment aux-featured-image aux-attachment-id-1875\" alt=\"portfolio-img-plusa-06\" srcset=\"https:\/\/pacificlogisticgroup.com\/wp-content\/uploads\/2023\/04\/portfolio-img-plusa-06-150x150.jpg 150w,https:\/\/pacificlogisticgroup.com\/wp-content\/uploads\/2023\/04\/portfolio-img-plusa-06-300x300.jpg 300w,https:\/\/pacificlogisticgroup.com\/wp-content\/uploads\/2023\/04\/portfolio-img-plusa-06-1024x1024.jpg 650w\" data-ratio=\"1\" data-original-w=\"650\" sizes=\"(max-width:479px) 480px,(max-width:767px) 768px,(max-width:1023px) 1024px,650px\" \/>            \n                <\/div>\n    <\/div>\n\n<\/section><!-- widget-container -->\t\t<\/div>\n\t\t\t\t<\/div>\n\t\t\t\t\t\t<\/div>\n\t\t\t\t\t<\/div>\n\t\t<\/div>\n\t\t\t\t\t\t\t\t<\/div>\n\t\t\t\t\t<\/div>\n\t\t<\/section>\n\t\t\t\t\t\t\t\t\t<\/div>\n\t\t\t<\/div>\n\t\t\t\t\t<\/div>\n\t\t","protected":false},"excerpt":{"rendered":"<p>Experten f\u00fcrK\u00fchlfracht, T\u00fcrabholung, Lagerung und LTL \u2013 FCL Pacific Logistic USA Unsere Mission bei Pacific Logistic USA ist es, Ihnen den besten Service entsprechend Ihren Bed\u00fcrfnissen zu bieten. Nachfolgend finden Sie eine vollst\u00e4ndige Liste der von uns angebotenen Dienstleistungen: Luftfrachtdienste T\u00e4gliche Luftkonsolidierungsdienste weltweit Voll- und Split-Charter IATA-Direktdienste Transportversicherung DAP\/DDP-Dienst Seefrachtdienste FCL-, LCL-Dienste und konventioneller Versand [&hellip;]<\/p>\n","protected":false},"author":1,"featured_media":0,"parent":0,"menu_order":0,"comment_status":"closed","ping_status":"closed","template":"","meta":[],"_links":{"self":[{"href":"https:\/\/pacificlogisticgroup.com\/index.php\/wp-json\/wp\/v2\/pages\/2617"}],"collection":[{"href":"https:\/\/pacificlogisticgroup.com\/index.php\/wp-json\/wp\/v2\/pages"}],"about":[{"href":"https:\/\/pacificlogisticgroup.com\/index.php\/wp-json\/wp\/v2\/types\/page"}],"author":[{"embeddable":true,"href":"https:\/\/pacificlogisticgroup.com\/index.php\/wp-json\/wp\/v2\/users\/1"}],"replies":[{"embeddable":true,"href":"https:\/\/pacificlogisticgroup.com\/index.php\/wp-json\/wp\/v2\/comments?post=2617"}],"version-history":[{"count":16,"href":"https:\/\/pacificlogisticgroup.com\/index.php\/wp-json\/wp\/v2\/pages\/2617\/revisions"}],"predecessor-version":[{"id":3290,"href":"https:\/\/pacificlogisticgroup.com\/index.php\/wp-json\/wp\/v2\/pages\/2617\/revisions\/3290"}],"wp:attachment":[{"href":"https:\/\/pacificlogisticgroup.com\/index.php\/wp-json\/wp\/v2\/media?parent=2617"}],"curies":[{"name":"wp","href":"https:\/\/api.w.org\/{rel}","templated":true}]}}