{"id":232,"date":"2023-02-28T10:06:09","date_gmt":"2023-02-28T13:06:09","guid":{"rendered":"https:\/\/www.hand2hand.cl\/pacific\/?page_id=232"},"modified":"2024-08-26T16:47:46","modified_gmt":"2024-08-26T19:47:46","slug":"nosotros","status":"publish","type":"page","link":"https:\/\/pacificlogisticgroup.com\/index.php\/nosotros\/","title":{"rendered":"Nosotros"},"content":{"rendered":"\t\t<div data-elementor-type=\"wp-page\" data-elementor-id=\"232\" class=\"elementor elementor-232\">\n\t\t\t\t\t\t<div class=\"elementor-inner\">\n\t\t\t\t<div class=\"elementor-section-wrap\">\n\t\t\t\t\t\t\t\t\t<section class=\"elementor-section elementor-top-section elementor-element elementor-element-4272cc0d elementor-section-content-middle elementor-section-boxed elementor-section-height-default elementor-section-height-default\" data-id=\"4272cc0d\" data-element_type=\"section\">\n\t\t\t\t\t\t<div class=\"elementor-container elementor-column-gap-no\">\n\t\t\t\t\t\t\t<div class=\"elementor-row\">\n\t\t\t\t\t<div class=\"aux-parallax-section elementor-column elementor-col-50 elementor-top-column elementor-element elementor-element-37ca7aec\" data-id=\"37ca7aec\" data-element_type=\"column\">\n\t\t\t<div class=\"elementor-column-wrap elementor-element-populated\">\n\t\t\t\t\t\t\t<div class=\"elementor-widget-wrap\">\n\t\t\t\t\t\t<div class=\"aux-parallax-piece elementor-element elementor-element-655c585b elementor-widget elementor-widget-aux_image\" data-parallax-origin=\"middle\" data-parallax-depth=\"0.05\" data-parallax-off=\"1024\" data-id=\"655c585b\" data-element_type=\"widget\" data-widget_type=\"aux_image.default\">\n\t\t\t\t<div class=\"elementor-widget-container\">\n\t\t\t<section class=\"widget-container aux-widget-image aux-alignnone aux-parent-aub6130358\">\n    <div class=\"aux-media-hint-frame \">\n        <div class=\"aux-media-image \" >\n        \n            \n\n            \n            <img decoding=\"async\" loading=\"lazy\" width=\"1024\" height=\"1024\" src=\"image\/gif;base64,R0lGODlhAQABAIAAAAAAAP\/\/\/yH5BAEAAAAALAAAAAABAAEAAAIBRAA7\" class=\"aux-attachment aux-featured-image aux-attachment-id-1109 aux-preload aux-blank\" alt=\"Mask-Group-1-1024x1024-02\" data-ratio=\"1\" data-original-w=\"1024\" sizes=\"auto\" data-srcset=\"https:\/\/pacificlogisticgroup.com\/wp-content\/uploads\/2023\/03\/Mask-Group-1-1024x1024-02-150x150.png 150w,https:\/\/pacificlogisticgroup.com\/wp-content\/uploads\/2023\/03\/Mask-Group-1-1024x1024-02-300x300.png 300w,https:\/\/pacificlogisticgroup.com\/wp-content\/uploads\/2023\/03\/Mask-Group-1-1024x1024-02-768x768.png 768w,https:\/\/pacificlogisticgroup.com\/wp-content\/uploads\/2023\/03\/Mask-Group-1-1024x1024-02-1024x1024.png 1024w\" data-src=\"https:\/\/pacificlogisticgroup.com\/wp-content\/uploads\/2023\/03\/Mask-Group-1-1024x1024-02-1024x1024.png\" \/>            \n                <\/div>\n    <\/div>\n\n<\/section><!-- widget-container -->\t\t<\/div>\n\t\t\t\t<\/div>\n\t\t\t\t\t\t<\/div>\n\t\t\t\t\t<\/div>\n\t\t<\/div>\n\t\t\t\t<div class=\"aux-parallax-section elementor-column elementor-col-50 elementor-top-column elementor-element elementor-element-2035f309\" data-id=\"2035f309\" data-element_type=\"column\" data-settings=\"{&quot;background_background&quot;:&quot;classic&quot;}\">\n\t\t\t<div class=\"elementor-column-wrap elementor-element-populated\">\n\t\t\t\t\t\t\t<div class=\"elementor-widget-wrap\">\n\t\t\t\t\t\t<div class=\"elementor-element elementor-element-83627a2 aux-appear-watch-animation aux-fade-in-right elementor-widget elementor-widget-aux_modern_heading\" data-id=\"83627a2\" data-element_type=\"widget\" data-widget_type=\"aux_modern_heading.default\">\n\t\t\t\t<div class=\"elementor-widget-container\">\n\t\t\t<section class=\"aux-widget-modern-heading\">\n            <div class=\"aux-widget-inner\"><h2 class=\"aux-modern-heading-primary\">Sobre Nosotros<\/h2><div class=\"aux-modern-heading-divider\"><\/div><div class=\"aux-modern-heading-description\"><p><strong>Pacific Logistic<\/strong>, inicia sus operaciones en el a\u00f1o 2016 como empresa de carga, log\u00edstica y transporte internacional. Est\u00e1 conformada por un equipo de profesionales con a\u00f1os de experiencia en el rubro, lo cual permite distinguirnos de la competencia por la excelencia en las operaciones y el trato amable con nuestros m\u00faltiples clientes.<\/p><\/div><\/div>\n        <\/section>\t\t<\/div>\n\t\t\t\t<\/div>\n\t\t\t\t\t\t<\/div>\n\t\t\t\t\t<\/div>\n\t\t<\/div>\n\t\t\t\t\t\t\t\t<\/div>\n\t\t\t\t\t<\/div>\n\t\t<\/section>\n\t\t\t\t<section class=\"elementor-section elementor-top-section elementor-element elementor-element-56994a54 elementor-section-full_width elementor-section-height-default elementor-section-height-default\" data-id=\"56994a54\" data-element_type=\"section\" data-settings=\"{&quot;background_background&quot;:&quot;classic&quot;}\">\n\t\t\t\t\t\t<div class=\"elementor-container elementor-column-gap-no\">\n\t\t\t\t\t\t\t<div class=\"elementor-row\">\n\t\t\t\t\t<div class=\"aux-parallax-section elementor-column elementor-col-100 elementor-top-column elementor-element elementor-element-6715f7ca\" data-id=\"6715f7ca\" data-element_type=\"column\">\n\t\t\t<div class=\"elementor-column-wrap elementor-element-populated\">\n\t\t\t\t\t\t\t<div class=\"elementor-widget-wrap\">\n\t\t\t\t\t\t<section class=\"elementor-section elementor-inner-section elementor-element elementor-element-182fd50c elementor-section-boxed elementor-section-height-default elementor-section-height-default\" data-id=\"182fd50c\" data-element_type=\"section\">\n\t\t\t\t\t\t<div class=\"elementor-container elementor-column-gap-no\">\n\t\t\t\t\t\t\t<div class=\"elementor-row\">\n\t\t\t\t\t<div class=\"aux-parallax-section elementor-column elementor-col-50 elementor-inner-column elementor-element elementor-element-6876b394 aux-appear-watch-animation aux-scale-down-1\" data-id=\"6876b394\" data-element_type=\"column\" data-settings=\"{&quot;background_background&quot;:&quot;classic&quot;}\">\n\t\t\t<div class=\"elementor-column-wrap elementor-element-populated\">\n\t\t\t\t\t\t\t<div class=\"elementor-widget-wrap\">\n\t\t\t\t\t\t<div class=\"elementor-element elementor-element-855f8b2 elementor-widget elementor-widget-aux_modern_heading\" data-id=\"855f8b2\" data-element_type=\"widget\" data-widget_type=\"aux_modern_heading.default\">\n\t\t\t\t<div class=\"elementor-widget-container\">\n\t\t\t<section class=\"aux-widget-modern-heading\">\n            <div class=\"aux-widget-inner\"><h5 class=\"aux-modern-heading-primary\"><\/h5><h3 class=\"aux-modern-heading-secondary\"><span class=\"aux-head-before\">Misi\u00f3n<\/span><\/h3><div class=\"aux-modern-heading-divider\"><\/div><div class=\"aux-modern-heading-description\"><p align=\"justify\">Para lograr nuestra misi\u00f3n en <strong>Pacific Logistic,<\/strong> nos comprometemos a proporcionar servicios log\u00edsticos innovadores, pr\u00e1cticos y de alta calidad, que satisfagan las expectativas de nuestros clientes,\u00a0a trav\u00e9s de la b\u00fasqueda constante de excelencia con un alto compromiso en nuestro servicio.<\/p><\/div><\/div>\n        <\/section>\t\t<\/div>\n\t\t\t\t<\/div>\n\t\t\t\t\t\t<\/div>\n\t\t\t\t\t<\/div>\n\t\t<\/div>\n\t\t\t\t<div class=\"aux-parallax-section elementor-column elementor-col-50 elementor-inner-column elementor-element elementor-element-5874353\" data-id=\"5874353\" data-element_type=\"column\">\n\t\t\t<div class=\"elementor-column-wrap\">\n\t\t\t\t\t\t\t<div class=\"elementor-widget-wrap\">\n\t\t\t\t\t\t\t\t<\/div>\n\t\t\t\t\t<\/div>\n\t\t<\/div>\n\t\t\t\t\t\t\t\t<\/div>\n\t\t\t\t\t<\/div>\n\t\t<\/section>\n\t\t\t\t\t\t<\/div>\n\t\t\t\t\t<\/div>\n\t\t<\/div>\n\t\t\t\t\t\t\t\t<\/div>\n\t\t\t\t\t<\/div>\n\t\t<\/section>\n\t\t\t\t<section class=\"elementor-section elementor-top-section elementor-element elementor-element-7cdb2df5 elementor-section-boxed elementor-section-height-default elementor-section-height-default\" data-id=\"7cdb2df5\" data-element_type=\"section\">\n\t\t\t\t\t\t<div class=\"elementor-container elementor-column-gap-no\">\n\t\t\t\t\t\t\t<div class=\"elementor-row\">\n\t\t\t\t\t<div class=\"aux-parallax-section elementor-column elementor-col-50 elementor-top-column elementor-element elementor-element-54169b1b\" data-id=\"54169b1b\" data-element_type=\"column\">\n\t\t\t<div class=\"elementor-column-wrap elementor-element-populated\">\n\t\t\t\t\t\t\t<div class=\"elementor-widget-wrap\">\n\t\t\t\t\t\t<div class=\"elementor-element elementor-element-7fea0074 aux-appear-watch-animation aux-fade-in-up-1 elementor-widget elementor-widget-aux_modern_heading\" data-id=\"7fea0074\" data-element_type=\"widget\" data-widget_type=\"aux_modern_heading.default\">\n\t\t\t\t<div class=\"elementor-widget-container\">\n\t\t\t<section class=\"aux-widget-modern-heading\">\n            <div class=\"aux-widget-inner\"><h5 class=\"aux-modern-heading-primary\"><\/h5><h3 class=\"aux-modern-heading-secondary\"><span class=\"aux-head-before\">Visi\u00f3n<\/span><\/h3><div class=\"aux-modern-heading-divider\"><\/div><div class=\"aux-modern-heading-description\"><p align=\"justify\"><strong>Pacific Logistic<\/strong>\u00a0se convertir\u00e1 en uno de los principales proveedores de log\u00edstica global que ofrece la m\u00e1s alta calidad en soluciones y servicios log\u00edsticos, con pasi\u00f3n, integridad, energ\u00eda y respeto mediante el uso de la \u00faltima tecnolog\u00eda con el objetivo final de agregar valor para nuestros clientes, colegas y socios comerciales.<\/p><\/div><\/div>\n        <\/section>\t\t<\/div>\n\t\t\t\t<\/div>\n\t\t\t\t\t\t<\/div>\n\t\t\t\t\t<\/div>\n\t\t<\/div>\n\t\t\t\t<div class=\"aux-parallax-section elementor-column elementor-col-50 elementor-top-column elementor-element elementor-element-181df2ed\" data-id=\"181df2ed\" data-element_type=\"column\">\n\t\t\t<div class=\"elementor-column-wrap elementor-element-populated\">\n\t\t\t\t\t\t\t<div class=\"elementor-widget-wrap\">\n\t\t\t\t\t\t<div class=\"elementor-element elementor-element-46bba18e aux-appear-watch-animation aux-scale-up elementor-widget elementor-widget-aux_image\" data-id=\"46bba18e\" data-element_type=\"widget\" data-widget_type=\"aux_image.default\">\n\t\t\t\t<div class=\"elementor-widget-container\">\n\t\t\t<section class=\"widget-container aux-widget-image aux-alignnone aux-parent-auc900e2bc\">\n    <div class=\"aux-media-hint-frame \">\n        <div class=\"aux-media-image \" >\n        \n            \n\n            \n            <img decoding=\"async\" loading=\"lazy\" width=\"497\" height=\"335\" src=\"https:\/\/pacificlogisticgroup.com\/wp-content\/uploads\/2023\/02\/image-services-00-02.png\" class=\"aux-attachment aux-featured-image aux-attachment-id-128\" alt=\"image-services-00-02\" data-ratio=\"1.48\" data-original-w=\"497\" \/>            \n                <\/div>\n    <\/div>\n\n<\/section><!-- widget-container -->\t\t<\/div>\n\t\t\t\t<\/div>\n\t\t\t\t\t\t<\/div>\n\t\t\t\t\t<\/div>\n\t\t<\/div>\n\t\t\t\t\t\t\t\t<\/div>\n\t\t\t\t\t<\/div>\n\t\t<\/section>\n\t\t\t\t\t\t\t\t\t<\/div>\n\t\t\t<\/div>\n\t\t\t\t\t<\/div>\n\t\t","protected":false},"excerpt":{"rendered":"<p>Sobre Nosotros Pacific Logistic, inicia sus operaciones en el a\u00f1o 2016 como empresa de carga, log\u00edstica y transporte internacional. Est\u00e1 conformada por un equipo de profesionales con a\u00f1os de experiencia en el rubro, lo cual permite distinguirnos de la competencia por la excelencia en las operaciones y el trato amable con nuestros m\u00faltiples clientes. Misi\u00f3n [&hellip;]<\/p>\n","protected":false},"author":1,"featured_media":0,"parent":0,"menu_order":0,"comment_status":"closed","ping_status":"closed","template":"","meta":[],"_links":{"self":[{"href":"https:\/\/pacificlogisticgroup.com\/index.php\/wp-json\/wp\/v2\/pages\/232"}],"collection":[{"href":"https:\/\/pacificlogisticgroup.com\/index.php\/wp-json\/wp\/v2\/pages"}],"about":[{"href":"https:\/\/pacificlogisticgroup.com\/index.php\/wp-json\/wp\/v2\/types\/page"}],"author":[{"embeddable":true,"href":"https:\/\/pacificlogisticgroup.com\/index.php\/wp-json\/wp\/v2\/users\/1"}],"replies":[{"embeddable":true,"href":"https:\/\/pacificlogisticgroup.com\/index.php\/wp-json\/wp\/v2\/comments?post=232"}],"version-history":[{"count":115,"href":"https:\/\/pacificlogisticgroup.com\/index.php\/wp-json\/wp\/v2\/pages\/232\/revisions"}],"predecessor-version":[{"id":3599,"href":"https:\/\/pacificlogisticgroup.com\/index.php\/wp-json\/wp\/v2\/pages\/232\/revisions\/3599"}],"wp:attachment":[{"href":"https:\/\/pacificlogisticgroup.com\/index.php\/wp-json\/wp\/v2\/media?parent=232"}],"curies":[{"name":"wp","href":"https:\/\/api.w.org\/{rel}","templated":true}]}}