{"id":1587,"date":"2023-03-22T01:09:13","date_gmt":"2023-03-22T04:09:13","guid":{"rendered":"https:\/\/www.hand2hand.cl\/pacific\/?page_id=1587"},"modified":"2023-08-23T15:55:17","modified_gmt":"2023-08-23T18:55:17","slug":"behalter-deu","status":"publish","type":"page","link":"https:\/\/pacificlogisticgroup.com\/index.php\/de\/behalter-deu\/","title":{"rendered":"Beh\u00e4lter-deu"},"content":{"rendered":"\t\t<div data-elementor-type=\"wp-page\" data-elementor-id=\"1587\" class=\"elementor elementor-1587\">\n\t\t\t\t\t\t<div class=\"elementor-inner\">\n\t\t\t\t<div class=\"elementor-section-wrap\">\n\t\t\t\t\t\t\t\t\t<section class=\"elementor-section elementor-top-section elementor-element elementor-element-74b5abc2 elementor-section-boxed elementor-section-height-default elementor-section-height-default\" data-id=\"74b5abc2\" data-element_type=\"section\">\n\t\t\t\t\t\t<div class=\"elementor-container elementor-column-gap-no\">\n\t\t\t\t\t\t\t<div class=\"elementor-row\">\n\t\t\t\t\t<div class=\"aux-parallax-section elementor-column elementor-col-100 elementor-top-column elementor-element elementor-element-7f53681a\" data-id=\"7f53681a\" data-element_type=\"column\">\n\t\t\t<div class=\"elementor-column-wrap elementor-element-populated\">\n\t\t\t\t\t\t\t<div class=\"elementor-widget-wrap\">\n\t\t\t\t\t\t<div class=\"elementor-element elementor-element-2a063143 aux-appear-watch-animation aux-fade-in-up elementor-widget elementor-widget-aux_modern_heading\" data-id=\"2a063143\" data-element_type=\"widget\" data-widget_type=\"aux_modern_heading.default\">\n\t\t\t\t<div class=\"elementor-widget-container\">\n\t\t\t<section class=\"aux-widget-modern-heading\">\n            <div class=\"aux-widget-inner\"><h5 class=\"aux-modern-heading-primary\">Arten von<\/h5><h3 class=\"aux-modern-heading-secondary\"><span class=\"aux-head-before\">Beh\u00e4ltern<\/span><\/h3><div class=\"aux-modern-heading-divider\"><\/div><div class=\"aux-modern-heading-description\">Es gibt verschiedene Containerformate, die sich jeweils an die Bed\u00fcrfnisse der zu transportierenden Ladung anpassen:<\/div><\/div>\n        <\/section>\t\t<\/div>\n\t\t\t\t<\/div>\n\t\t\t\t\t\t<\/div>\n\t\t\t\t\t<\/div>\n\t\t<\/div>\n\t\t\t\t\t\t\t\t<\/div>\n\t\t\t\t\t<\/div>\n\t\t<\/section>\n\t\t\t\t<section class=\"elementor-section elementor-top-section elementor-element elementor-element-49a77d75 elementor-section-content-middle elementor-section-boxed elementor-section-height-default elementor-section-height-default\" data-id=\"49a77d75\" data-element_type=\"section\">\n\t\t\t\t\t\t<div class=\"elementor-container elementor-column-gap-no\">\n\t\t\t\t\t\t\t<div class=\"elementor-row\">\n\t\t\t\t\t<div class=\"aux-parallax-section elementor-column elementor-col-50 elementor-top-column elementor-element elementor-element-78a1143f\" data-id=\"78a1143f\" data-element_type=\"column\">\n\t\t\t<div class=\"elementor-column-wrap elementor-element-populated\">\n\t\t\t\t\t\t\t<div class=\"elementor-widget-wrap\">\n\t\t\t\t\t\t<div class=\"elementor-element elementor-element-727875c8 aux-appear-watch-animation aux-fade-in-up elementor-widget elementor-widget-aux_text\" data-id=\"727875c8\" data-element_type=\"widget\" data-widget_type=\"aux_text.default\">\n\t\t\t\t<div class=\"elementor-widget-container\">\n\t\t\t<section class=\"widget-container aux-widget-text aux-parent-au6d48812d\">        <div class=\"aux-widget-advanced-text aux-wrap-style-simple aux-ico-pos- aux-text-left aux-text-resp-left aux-text-color-dark aux-text-widget-bg-center  \" >\n        \n            \n            <div class=\"aux-text-inner aux-text-widget-content\">\n                                <h4 class=\"col-title\">St\u00fcckgut<\/h4>\n                                <div class=\"widget-content\">\n                                         Sie sind die am h\u00e4ufigsten verwendeten auf dem Markt, hermetisch geschlossen und ohne K\u00fchlung oder Bel\u00fcftung. Sie haben verschiedene Gr\u00f6\u00dfen: 20\u2032, 40\u2032                <\/div>\n                            <\/div>\n        <\/div>\n                    <div class=\"aux-text-widget-footer\">\n                <div class=\"aux-border-shape-none \">\n                                <\/div>\n            <\/div>\n        \n<\/section><!-- widget-container -->\t\t<\/div>\n\t\t\t\t<\/div>\n\t\t\t\t<div class=\"elementor-element elementor-element-51b7b7eb aux-appear-watch-animation aux-fade-in-up elementor-widget elementor-widget-aux_text\" data-id=\"51b7b7eb\" data-element_type=\"widget\" data-widget_type=\"aux_text.default\">\n\t\t\t\t<div class=\"elementor-widget-container\">\n\t\t\t<section class=\"widget-container aux-widget-text aux-parent-auc2d9112c\">        <div class=\"aux-widget-advanced-text aux-wrap-style-simple aux-ico-pos- aux-text-left aux-text-resp-left aux-text-color-dark aux-text-widget-bg-center  \" >\n        \n            \n            <div class=\"aux-text-inner aux-text-widget-content\">\n                                <h4 class=\"col-title\">hoher W\u00fcrfel<\/h4>\n                                <div class=\"widget-content\">\n                                        Sie haben eine h\u00f6here H\u00f6he, weshalb sie 13 % mehr Fassungsverm\u00f6gen haben. Ideal f\u00fcr sperrige und schwere Lasten, sie haben eine H\u00f6he von 9'6'' (2.896 Meter)                <\/div>\n                            <\/div>\n        <\/div>\n                    <div class=\"aux-text-widget-footer\">\n                <div class=\"aux-border-shape-none \">\n                                <\/div>\n            <\/div>\n        \n<\/section><!-- widget-container -->\t\t<\/div>\n\t\t\t\t<\/div>\n\t\t\t\t<div class=\"elementor-element elementor-element-ce2f7b3 aux-appear-watch-animation aux-fade-in-up elementor-widget elementor-widget-aux_text\" data-id=\"ce2f7b3\" data-element_type=\"widget\" data-widget_type=\"aux_text.default\">\n\t\t\t\t<div class=\"elementor-widget-container\">\n\t\t\t<section class=\"widget-container aux-widget-text aux-parent-auc4d179dd\">        <div class=\"aux-widget-advanced-text aux-wrap-style-simple aux-ico-pos- aux-text-left aux-text-resp-left aux-text-color-dark aux-text-widget-bg-center  \" >\n        \n            \n            <div class=\"aux-text-inner aux-text-widget-content\">\n                                <h4 class=\"col-title\">gek\u00fchlt<\/h4>\n                                <div class=\"widget-content\">\n                                        Sie bieten eine temperaturgeregelte Umgebung. Erm\u00f6glicht den Transport der Produkte w\u00e4hrend der gesamten Reise bei einer konstanten Temperatur (-18\u00b0 bis 30\u00b0). Gr\u00f6\u00dfen: 20\u00b4, 40\u00b4 und High Cube.                <\/div>\n                            <\/div>\n        <\/div>\n                    <div class=\"aux-text-widget-footer\">\n                <div class=\"aux-border-shape-none \">\n                                <\/div>\n            <\/div>\n        \n<\/section><!-- widget-container -->\t\t<\/div>\n\t\t\t\t<\/div>\n\t\t\t\t<div class=\"elementor-element elementor-element-4a46e57 aux-appear-watch-animation aux-fade-in-up elementor-widget elementor-widget-aux_text\" data-id=\"4a46e57\" data-element_type=\"widget\" data-widget_type=\"aux_text.default\">\n\t\t\t\t<div class=\"elementor-widget-container\">\n\t\t\t<section class=\"widget-container aux-widget-text aux-parent-au3cfc4ad3\">        <div class=\"aux-widget-advanced-text aux-wrap-style-simple aux-ico-pos- aux-text-left aux-text-resp-left aux-text-color-dark aux-text-widget-bg-center  \" >\n        \n            \n            <div class=\"aux-text-inner aux-text-widget-content\">\n                                <h4 class=\"col-title\">Obdachlos<\/h4>\n                                <div class=\"widget-content\">\n                                        Sie haben die gleichen Abmessungen wie St\u00fcckgutcontainer. Mit abnehmbarem Segeltuchdach. Die Ware kann \u00fcberh\u00e4ngen und erleichtert den Transport sperriger Lasten.                <\/div>\n                            <\/div>\n        <\/div>\n                    <div class=\"aux-text-widget-footer\">\n                <div class=\"aux-border-shape-none \">\n                                <\/div>\n            <\/div>\n        \n<\/section><!-- widget-container -->\t\t<\/div>\n\t\t\t\t<\/div>\n\t\t\t\t\t\t<\/div>\n\t\t\t\t\t<\/div>\n\t\t<\/div>\n\t\t\t\t<div class=\"aux-parallax-section elementor-column elementor-col-50 elementor-top-column elementor-element elementor-element-6d515a4a\" data-id=\"6d515a4a\" data-element_type=\"column\">\n\t\t\t<div class=\"elementor-column-wrap elementor-element-populated\">\n\t\t\t\t\t\t\t<div class=\"elementor-widget-wrap\">\n\t\t\t\t\t\t<div class=\"aux-parallax-piece elementor-element elementor-element-75f451de elementor-widget elementor-widget-aux_image\" data-parallax-origin=\"middle\" data-parallax-depth=\"0.08\" data-parallax-off=\"1024\" data-id=\"75f451de\" data-element_type=\"widget\" data-widget_type=\"aux_image.default\">\n\t\t\t\t<div class=\"elementor-widget-container\">\n\t\t\t<section class=\"widget-container aux-widget-image aux-alignnone aux-parent-au6869f0b9\">\n    <div class=\"aux-media-hint-frame \">\n        <div class=\"aux-media-image \" >\n        \n            \n\n            \n            <img decoding=\"async\" loading=\"lazy\" width=\"1024\" height=\"760\" src=\"image\/gif;base64,R0lGODlhAQABAIAAAAAAAP\/\/\/yH5BAEAAAAALAAAAAABAAEAAAIBRAA7\" class=\"aux-attachment aux-featured-image aux-attachment-id-2253 aux-preload aux-blank\" alt=\"Container-solo-02-1024x760\" data-ratio=\"1.35\" data-original-w=\"1024\" data-src=\"https:\/\/pacificlogisticgroup.com\/wp-content\/uploads\/2023\/05\/Container-solo-02-1024x760-1.jpg\" \/>            \n                <\/div>\n    <\/div>\n\n<\/section><!-- widget-container -->\t\t<\/div>\n\t\t\t\t<\/div>\n\t\t\t\t\t\t<\/div>\n\t\t\t\t\t<\/div>\n\t\t<\/div>\n\t\t\t\t\t\t\t\t<\/div>\n\t\t\t\t\t<\/div>\n\t\t<\/section>\n\t\t\t\t<section class=\"elementor-section elementor-top-section elementor-element elementor-element-fdd56fa elementor-section-content-middle elementor-section-boxed elementor-section-height-default elementor-section-height-default\" data-id=\"fdd56fa\" data-element_type=\"section\">\n\t\t\t\t\t\t<div class=\"elementor-container elementor-column-gap-no\">\n\t\t\t\t\t\t\t<div class=\"elementor-row\">\n\t\t\t\t\t<div class=\"aux-parallax-section elementor-column elementor-col-50 elementor-top-column elementor-element elementor-element-cab6866\" data-id=\"cab6866\" data-element_type=\"column\">\n\t\t\t<div class=\"elementor-column-wrap elementor-element-populated\">\n\t\t\t\t\t\t\t<div class=\"elementor-widget-wrap\">\n\t\t\t\t\t\t<div class=\"aux-parallax-piece elementor-element elementor-element-fb8870c elementor-widget elementor-widget-aux_image\" data-parallax-origin=\"middle\" data-parallax-depth=\"0.08\" data-parallax-off=\"1024\" data-id=\"fb8870c\" data-element_type=\"widget\" data-widget_type=\"aux_image.default\">\n\t\t\t\t<div class=\"elementor-widget-container\">\n\t\t\t<section class=\"widget-container aux-widget-image aux-alignnone aux-parent-aud08802bb\">\n    <div class=\"aux-media-hint-frame \">\n        <div class=\"aux-media-image \" >\n        \n            \n\n            \n            <img decoding=\"async\" loading=\"lazy\" width=\"1024\" height=\"760\" src=\"image\/gif;base64,R0lGODlhAQABAIAAAAAAAP\/\/\/yH5BAEAAAAALAAAAAABAAEAAAIBRAA7\" class=\"aux-attachment aux-featured-image aux-attachment-id-2252 aux-preload aux-blank\" alt=\"Container-solo-01-1024x760\" data-ratio=\"1.35\" data-original-w=\"1024\" data-src=\"https:\/\/pacificlogisticgroup.com\/wp-content\/uploads\/2023\/05\/Container-solo-01-1024x760-1.jpg\" \/>            \n                <\/div>\n    <\/div>\n\n<\/section><!-- widget-container -->\t\t<\/div>\n\t\t\t\t<\/div>\n\t\t\t\t\t\t<\/div>\n\t\t\t\t\t<\/div>\n\t\t<\/div>\n\t\t\t\t<div class=\"aux-parallax-section elementor-column elementor-col-50 elementor-top-column elementor-element elementor-element-894fa1d\" data-id=\"894fa1d\" data-element_type=\"column\">\n\t\t\t<div class=\"elementor-column-wrap elementor-element-populated\">\n\t\t\t\t\t\t\t<div class=\"elementor-widget-wrap\">\n\t\t\t\t\t\t<div class=\"elementor-element elementor-element-414f186 aux-appear-watch-animation aux-fade-in-up elementor-widget elementor-widget-aux_text\" data-id=\"414f186\" data-element_type=\"widget\" data-widget_type=\"aux_text.default\">\n\t\t\t\t<div class=\"elementor-widget-container\">\n\t\t\t<section class=\"widget-container aux-widget-text aux-parent-au521bfe3b\">        <div class=\"aux-widget-advanced-text aux-wrap-style-simple aux-ico-pos- aux-text-right aux-text-resp-left aux-text-color-dark aux-text-widget-bg-center  \" >\n        \n            \n            <div class=\"aux-text-inner aux-text-widget-content\">\n                                <h4 class=\"col-title\">Plattform<\/h4>\n                                <div class=\"widget-content\">\n                                         Ihnen fehlen Seitenw\u00e4nde und teilweise sogar Vorder- und R\u00fcckw\u00e4nde. Sie werden f\u00fcr atypische Belastungen verwendet. Sie kommen in Ma\u00dfen von 20', 40'                <\/div>\n                            <\/div>\n        <\/div>\n                    <div class=\"aux-text-widget-footer\">\n                <div class=\"aux-border-shape-none \">\n                                <\/div>\n            <\/div>\n        \n<\/section><!-- widget-container -->\t\t<\/div>\n\t\t\t\t<\/div>\n\t\t\t\t<div class=\"elementor-element elementor-element-aa5788c aux-appear-watch-animation aux-fade-in-up elementor-widget elementor-widget-aux_text\" data-id=\"aa5788c\" data-element_type=\"widget\" data-widget_type=\"aux_text.default\">\n\t\t\t\t<div class=\"elementor-widget-container\">\n\t\t\t<section class=\"widget-container aux-widget-text aux-parent-au170b3fc7\">        <div class=\"aux-widget-advanced-text aux-wrap-style-simple aux-ico-pos- aux-text-right aux-text-resp-left aux-text-color-dark aux-text-widget-bg-center  \" >\n        \n            \n            <div class=\"aux-text-inner aux-text-widget-content\">\n                                <h4 class=\"col-title\">offene Seite<\/h4>\n                                <div class=\"widget-content\">\n                                        Er hat die gleichen Ma\u00dfe wie Standardcontainer, 20 oder 40 Fu\u00df, mit dem Unterschied, dass sie nur eine seitliche \u00d6ffnung haben. Dadurch k\u00f6nnen G\u00fcter transportiert werden, deren Abmessungen eine Beladung durch die Heckt\u00fcr verhindern.                <\/div>\n                            <\/div>\n        <\/div>\n                    <div class=\"aux-text-widget-footer\">\n                <div class=\"aux-border-shape-none \">\n                                <\/div>\n            <\/div>\n        \n<\/section><!-- widget-container -->\t\t<\/div>\n\t\t\t\t<\/div>\n\t\t\t\t<div class=\"elementor-element elementor-element-526b6f7 aux-appear-watch-animation aux-fade-in-up elementor-widget elementor-widget-aux_text\" data-id=\"526b6f7\" data-element_type=\"widget\" data-widget_type=\"aux_text.default\">\n\t\t\t\t<div class=\"elementor-widget-container\">\n\t\t\t<section class=\"widget-container aux-widget-text aux-parent-au41f97064\">        <div class=\"aux-widget-advanced-text aux-wrap-style-simple aux-ico-pos- aux-text-right aux-text-resp-left aux-text-color-dark aux-text-widget-bg-center  \" >\n        \n            \n            <div class=\"aux-text-inner aux-text-widget-content\">\n                                <h4 class=\"col-title\">Panzer<\/h4>\n                                <div class=\"widget-content\">\n                                        Verwendet f\u00fcr den Transport von Fl\u00fcssigkeiten, von gef\u00e4hrlichen wie giftigen, \u00e4tzenden, leicht brennbaren Chemikalien, sowie von \u00d6len, Milch, Bier, Wein, Mineralwasser usw. Sie haben die gleichen Abmessungen wie ein St\u00fcckgutcontainer, aber ihre Struktur ist anders, da sie innen einen Polyethylentank enthalten.                <\/div>\n                            <\/div>\n        <\/div>\n                    <div class=\"aux-text-widget-footer\">\n                <div class=\"aux-border-shape-none \">\n                                <\/div>\n            <\/div>\n        \n<\/section><!-- widget-container -->\t\t<\/div>\n\t\t\t\t<\/div>\n\t\t\t\t\t\t<\/div>\n\t\t\t\t\t<\/div>\n\t\t<\/div>\n\t\t\t\t\t\t\t\t<\/div>\n\t\t\t\t\t<\/div>\n\t\t<\/section>\n\t\t\t\t<section class=\"elementor-section elementor-top-section elementor-element elementor-element-f09e9aa elementor-section-boxed elementor-section-height-default elementor-section-height-default\" data-id=\"f09e9aa\" data-element_type=\"section\">\n\t\t\t\t\t\t<div class=\"elementor-container elementor-column-gap-default\">\n\t\t\t\t\t\t\t<div class=\"elementor-row\">\n\t\t\t\t\t<div class=\"aux-parallax-section elementor-column elementor-col-100 elementor-top-column elementor-element elementor-element-8fc9e02\" data-id=\"8fc9e02\" data-element_type=\"column\">\n\t\t\t<div class=\"elementor-column-wrap elementor-element-populated\">\n\t\t\t\t\t\t\t<div class=\"elementor-widget-wrap\">\n\t\t\t\t\t\t<div class=\"elementor-element elementor-element-bd7972a elementor-hidden-desktop elementor-hidden-tablet elementor-widget elementor-widget-spacer\" data-id=\"bd7972a\" data-element_type=\"widget\" data-widget_type=\"spacer.default\">\n\t\t\t\t<div class=\"elementor-widget-container\">\n\t\t\t\t\t<div class=\"elementor-spacer\">\n\t\t\t<div class=\"elementor-spacer-inner\"><\/div>\n\t\t<\/div>\n\t\t\t\t<\/div>\n\t\t\t\t<\/div>\n\t\t\t\t\t\t<\/div>\n\t\t\t\t\t<\/div>\n\t\t<\/div>\n\t\t\t\t\t\t\t\t<\/div>\n\t\t\t\t\t<\/div>\n\t\t<\/section>\n\t\t\t\t\t\t\t\t\t<\/div>\n\t\t\t<\/div>\n\t\t\t\t\t<\/div>\n\t\t","protected":false},"excerpt":{"rendered":"<p>Arten von Beh\u00e4ltern Es gibt verschiedene Containerformate, die sich jeweils an die Bed\u00fcrfnisse der zu transportierenden Ladung anpassen: St\u00fcckgut Sie sind die am h\u00e4ufigsten verwendeten auf dem Markt, hermetisch geschlossen und ohne K\u00fchlung oder Bel\u00fcftung. Sie haben verschiedene Gr\u00f6\u00dfen: 20\u2032, 40\u2032 hoher W\u00fcrfel Sie haben eine h\u00f6here H\u00f6he, weshalb sie 13 % mehr Fassungsverm\u00f6gen haben. [&hellip;]<\/p>\n","protected":false},"author":1,"featured_media":0,"parent":0,"menu_order":0,"comment_status":"closed","ping_status":"closed","template":"","meta":[],"_links":{"self":[{"href":"https:\/\/pacificlogisticgroup.com\/index.php\/wp-json\/wp\/v2\/pages\/1587"}],"collection":[{"href":"https:\/\/pacificlogisticgroup.com\/index.php\/wp-json\/wp\/v2\/pages"}],"about":[{"href":"https:\/\/pacificlogisticgroup.com\/index.php\/wp-json\/wp\/v2\/types\/page"}],"author":[{"embeddable":true,"href":"https:\/\/pacificlogisticgroup.com\/index.php\/wp-json\/wp\/v2\/users\/1"}],"replies":[{"embeddable":true,"href":"https:\/\/pacificlogisticgroup.com\/index.php\/wp-json\/wp\/v2\/comments?post=1587"}],"version-history":[{"count":19,"href":"https:\/\/pacificlogisticgroup.com\/index.php\/wp-json\/wp\/v2\/pages\/1587\/revisions"}],"predecessor-version":[{"id":3236,"href":"https:\/\/pacificlogisticgroup.com\/index.php\/wp-json\/wp\/v2\/pages\/1587\/revisions\/3236"}],"wp:attachment":[{"href":"https:\/\/pacificlogisticgroup.com\/index.php\/wp-json\/wp\/v2\/media?parent=1587"}],"curies":[{"name":"wp","href":"https:\/\/api.w.org\/{rel}","templated":true}]}}