{"id":1456,"date":"2023-03-21T22:08:08","date_gmt":"2023-03-22T01:08:08","guid":{"rendered":"https:\/\/www.hand2hand.cl\/pacific\/?page_id=1456"},"modified":"2023-08-23T12:54:37","modified_gmt":"2023-08-23T15:54:37","slug":"uber-uns-deu","status":"publish","type":"page","link":"https:\/\/pacificlogisticgroup.com\/index.php\/de\/uber-uns-deu\/","title":{"rendered":"\u00dcber uns-deu"},"content":{"rendered":"\t\t<div data-elementor-type=\"wp-page\" data-elementor-id=\"1456\" class=\"elementor elementor-1456\">\n\t\t\t\t\t\t<div class=\"elementor-inner\">\n\t\t\t\t<div class=\"elementor-section-wrap\">\n\t\t\t\t\t\t\t\t\t<section class=\"elementor-section elementor-top-section elementor-element elementor-element-4272cc0d elementor-section-content-middle elementor-section-boxed elementor-section-height-default elementor-section-height-default\" data-id=\"4272cc0d\" data-element_type=\"section\">\n\t\t\t\t\t\t<div class=\"elementor-container elementor-column-gap-no\">\n\t\t\t\t\t\t\t<div class=\"elementor-row\">\n\t\t\t\t\t<div class=\"aux-parallax-section elementor-column elementor-col-50 elementor-top-column elementor-element elementor-element-37ca7aec\" data-id=\"37ca7aec\" data-element_type=\"column\">\n\t\t\t<div class=\"elementor-column-wrap elementor-element-populated\">\n\t\t\t\t\t\t\t<div class=\"elementor-widget-wrap\">\n\t\t\t\t\t\t<div class=\"aux-parallax-piece elementor-element elementor-element-655c585b elementor-widget elementor-widget-aux_image\" data-parallax-origin=\"middle\" data-parallax-depth=\"0.05\" data-parallax-off=\"1024\" data-id=\"655c585b\" data-element_type=\"widget\" data-widget_type=\"aux_image.default\">\n\t\t\t\t<div class=\"elementor-widget-container\">\n\t\t\t<section class=\"widget-container aux-widget-image aux-alignnone aux-parent-au0d240737\">\n    <div class=\"aux-media-hint-frame \">\n        <div class=\"aux-media-image \" >\n        \n            \n\n            \n            <img decoding=\"async\" loading=\"lazy\" width=\"1024\" height=\"1024\" src=\"image\/gif;base64,R0lGODlhAQABAIAAAAAAAP\/\/\/yH5BAEAAAAALAAAAAABAAEAAAIBRAA7\" class=\"aux-attachment aux-featured-image aux-attachment-id-1109 aux-preload aux-blank\" alt=\"Mask-Group-1-1024x1024-02\" data-ratio=\"1\" data-original-w=\"1024\" sizes=\"auto\" data-srcset=\"https:\/\/pacificlogisticgroup.com\/wp-content\/uploads\/2023\/03\/Mask-Group-1-1024x1024-02-150x150.png 150w,https:\/\/pacificlogisticgroup.com\/wp-content\/uploads\/2023\/03\/Mask-Group-1-1024x1024-02-300x300.png 300w,https:\/\/pacificlogisticgroup.com\/wp-content\/uploads\/2023\/03\/Mask-Group-1-1024x1024-02-768x768.png 768w,https:\/\/pacificlogisticgroup.com\/wp-content\/uploads\/2023\/03\/Mask-Group-1-1024x1024-02-1024x1024.png 1024w\" data-src=\"https:\/\/pacificlogisticgroup.com\/wp-content\/uploads\/2023\/03\/Mask-Group-1-1024x1024-02-1024x1024.png\" \/>            \n                <\/div>\n    <\/div>\n\n<\/section><!-- widget-container -->\t\t<\/div>\n\t\t\t\t<\/div>\n\t\t\t\t\t\t<\/div>\n\t\t\t\t\t<\/div>\n\t\t<\/div>\n\t\t\t\t<div class=\"aux-parallax-section elementor-column elementor-col-50 elementor-top-column elementor-element elementor-element-2035f309\" data-id=\"2035f309\" data-element_type=\"column\" data-settings=\"{&quot;background_background&quot;:&quot;classic&quot;}\">\n\t\t\t<div class=\"elementor-column-wrap elementor-element-populated\">\n\t\t\t\t\t\t\t<div class=\"elementor-widget-wrap\">\n\t\t\t\t\t\t<div class=\"elementor-element elementor-element-83627a2 aux-appear-watch-animation aux-fade-in-right elementor-widget elementor-widget-aux_modern_heading\" data-id=\"83627a2\" data-element_type=\"widget\" data-widget_type=\"aux_modern_heading.default\">\n\t\t\t\t<div class=\"elementor-widget-container\">\n\t\t\t<section class=\"aux-widget-modern-heading\">\n            <div class=\"aux-widget-inner\"><h2 class=\"aux-modern-heading-primary\">\u00dcber uns<\/h2><div class=\"aux-modern-heading-divider\"><\/div><div class=\"aux-modern-heading-description\"><strong>Pacific Logistic<\/strong>, nahm seine T\u00e4tigkeit im Jahr 2016 als Fracht-, Logistik- und internationales Transportunternehmen auf. Es besteht aus einem Team von Fachleuten mit jahrelanger Erfahrung auf diesem Gebiet, was es uns erm\u00f6glicht, uns von der Konkurrenz durch hervorragende Betriebsabl\u00e4ufe und freundlichen Umgang mit unseren vielen Kunden abzuheben.<\/div><\/div>\n        <\/section>\t\t<\/div>\n\t\t\t\t<\/div>\n\t\t\t\t\t\t<\/div>\n\t\t\t\t\t<\/div>\n\t\t<\/div>\n\t\t\t\t\t\t\t\t<\/div>\n\t\t\t\t\t<\/div>\n\t\t<\/section>\n\t\t\t\t<section class=\"elementor-section elementor-top-section elementor-element elementor-element-56994a54 elementor-section-full_width elementor-section-height-default elementor-section-height-default\" data-id=\"56994a54\" data-element_type=\"section\" data-settings=\"{&quot;background_background&quot;:&quot;classic&quot;}\">\n\t\t\t\t\t\t<div class=\"elementor-container elementor-column-gap-no\">\n\t\t\t\t\t\t\t<div class=\"elementor-row\">\n\t\t\t\t\t<div class=\"aux-parallax-section elementor-column elementor-col-100 elementor-top-column elementor-element elementor-element-6715f7ca\" data-id=\"6715f7ca\" data-element_type=\"column\">\n\t\t\t<div class=\"elementor-column-wrap elementor-element-populated\">\n\t\t\t\t\t\t\t<div class=\"elementor-widget-wrap\">\n\t\t\t\t\t\t<section class=\"elementor-section elementor-inner-section elementor-element elementor-element-182fd50c elementor-section-boxed elementor-section-height-default elementor-section-height-default\" data-id=\"182fd50c\" data-element_type=\"section\">\n\t\t\t\t\t\t<div class=\"elementor-container elementor-column-gap-no\">\n\t\t\t\t\t\t\t<div class=\"elementor-row\">\n\t\t\t\t\t<div class=\"aux-parallax-section elementor-column elementor-col-50 elementor-inner-column elementor-element elementor-element-6876b394 aux-appear-watch-animation aux-scale-down-1\" data-id=\"6876b394\" data-element_type=\"column\" data-settings=\"{&quot;background_background&quot;:&quot;classic&quot;}\">\n\t\t\t<div class=\"elementor-column-wrap elementor-element-populated\">\n\t\t\t\t\t\t\t<div class=\"elementor-widget-wrap\">\n\t\t\t\t\t\t<div class=\"elementor-element elementor-element-855f8b2 elementor-widget elementor-widget-aux_modern_heading\" data-id=\"855f8b2\" data-element_type=\"widget\" data-widget_type=\"aux_modern_heading.default\">\n\t\t\t\t<div class=\"elementor-widget-container\">\n\t\t\t<section class=\"aux-widget-modern-heading\">\n            <div class=\"aux-widget-inner\"><h5 class=\"aux-modern-heading-primary\"><\/h5><h3 class=\"aux-modern-heading-secondary\"><span class=\"aux-head-before\">Mission<\/span><\/h3><div class=\"aux-modern-heading-divider\"><\/div><div class=\"aux-modern-heading-description\"><p align=\"justify\"><strong>Pacific Logistic<\/strong>\u00a0wird einer der f\u00fchrenden globalen Logistikanbieter, der mit Leidenschaft, Integrit\u00e4t, Energie und Respekt Logistikl\u00f6sungen und -dienstleistungen von h\u00f6chster Qualit\u00e4t anbietet, indem er die neueste Technologie einsetzt, mit dem ultimativen Ziel, einen Mehrwert f\u00fcr unsere Kunden, Kollegen und Gesch\u00e4ftspartner zu schaffen.<\/p><\/div><\/div>\n        <\/section>\t\t<\/div>\n\t\t\t\t<\/div>\n\t\t\t\t\t\t<\/div>\n\t\t\t\t\t<\/div>\n\t\t<\/div>\n\t\t\t\t<div class=\"aux-parallax-section elementor-column elementor-col-50 elementor-inner-column elementor-element elementor-element-5874353\" data-id=\"5874353\" data-element_type=\"column\">\n\t\t\t<div class=\"elementor-column-wrap\">\n\t\t\t\t\t\t\t<div class=\"elementor-widget-wrap\">\n\t\t\t\t\t\t\t\t<\/div>\n\t\t\t\t\t<\/div>\n\t\t<\/div>\n\t\t\t\t\t\t\t\t<\/div>\n\t\t\t\t\t<\/div>\n\t\t<\/section>\n\t\t\t\t\t\t<\/div>\n\t\t\t\t\t<\/div>\n\t\t<\/div>\n\t\t\t\t\t\t\t\t<\/div>\n\t\t\t\t\t<\/div>\n\t\t<\/section>\n\t\t\t\t<section class=\"elementor-section elementor-top-section elementor-element elementor-element-7cdb2df5 elementor-section-boxed elementor-section-height-default elementor-section-height-default\" data-id=\"7cdb2df5\" data-element_type=\"section\">\n\t\t\t\t\t\t<div class=\"elementor-container elementor-column-gap-no\">\n\t\t\t\t\t\t\t<div class=\"elementor-row\">\n\t\t\t\t\t<div class=\"aux-parallax-section elementor-column elementor-col-50 elementor-top-column elementor-element elementor-element-54169b1b\" data-id=\"54169b1b\" data-element_type=\"column\">\n\t\t\t<div class=\"elementor-column-wrap elementor-element-populated\">\n\t\t\t\t\t\t\t<div class=\"elementor-widget-wrap\">\n\t\t\t\t\t\t<div class=\"elementor-element elementor-element-7fea0074 aux-appear-watch-animation aux-fade-in-up-1 elementor-widget elementor-widget-aux_modern_heading\" data-id=\"7fea0074\" data-element_type=\"widget\" data-widget_type=\"aux_modern_heading.default\">\n\t\t\t\t<div class=\"elementor-widget-container\">\n\t\t\t<section class=\"aux-widget-modern-heading\">\n            <div class=\"aux-widget-inner\"><h5 class=\"aux-modern-heading-primary\"><\/h5><h3 class=\"aux-modern-heading-secondary\"><span class=\"aux-head-before\">Vision<\/span><\/h3><div class=\"aux-modern-heading-divider\"><\/div><div class=\"aux-modern-heading-description\"><p align=\"justify\">Um unsere Vision bei\u00a0<strong>Pacific Logistic<\/strong>\u00a0zu verwirklichen, verpflichten wir uns, innovative, praktische und qualitativ hochwertige Logistikdienstleistungen anzubieten, die die Erwartungen unserer Kunden erf\u00fcllen, durch die st\u00e4ndige Suche nach Exzellenz mit einem hohen Engagement in unserem Service.<\/p><\/div><\/div>\n        <\/section>\t\t<\/div>\n\t\t\t\t<\/div>\n\t\t\t\t\t\t<\/div>\n\t\t\t\t\t<\/div>\n\t\t<\/div>\n\t\t\t\t<div class=\"aux-parallax-section elementor-column elementor-col-50 elementor-top-column elementor-element elementor-element-181df2ed\" data-id=\"181df2ed\" data-element_type=\"column\">\n\t\t\t<div class=\"elementor-column-wrap elementor-element-populated\">\n\t\t\t\t\t\t\t<div class=\"elementor-widget-wrap\">\n\t\t\t\t\t\t<div class=\"elementor-element elementor-element-46bba18e aux-appear-watch-animation aux-scale-up elementor-widget elementor-widget-aux_image\" data-id=\"46bba18e\" data-element_type=\"widget\" data-widget_type=\"aux_image.default\">\n\t\t\t\t<div class=\"elementor-widget-container\">\n\t\t\t<section class=\"widget-container aux-widget-image aux-alignnone aux-parent-auaa91e868\">\n    <div class=\"aux-media-hint-frame \">\n        <div class=\"aux-media-image \" >\n        \n            \n\n            \n            <img decoding=\"async\" loading=\"lazy\" width=\"497\" height=\"335\" src=\"https:\/\/pacificlogisticgroup.com\/wp-content\/uploads\/2023\/02\/image-services-00-02.png\" class=\"aux-attachment aux-featured-image aux-attachment-id-128\" alt=\"image-services-00-02\" data-ratio=\"1.48\" data-original-w=\"497\" \/>            \n                <\/div>\n    <\/div>\n\n<\/section><!-- widget-container -->\t\t<\/div>\n\t\t\t\t<\/div>\n\t\t\t\t\t\t<\/div>\n\t\t\t\t\t<\/div>\n\t\t<\/div>\n\t\t\t\t\t\t\t\t<\/div>\n\t\t\t\t\t<\/div>\n\t\t<\/section>\n\t\t\t\t\t\t\t\t\t<\/div>\n\t\t\t<\/div>\n\t\t\t\t\t<\/div>\n\t\t","protected":false},"excerpt":{"rendered":"<p>\u00dcber uns Pacific Logistic, nahm seine T\u00e4tigkeit im Jahr 2016 als Fracht-, Logistik- und internationales Transportunternehmen auf. Es besteht aus einem Team von Fachleuten mit jahrelanger Erfahrung auf diesem Gebiet, was es uns erm\u00f6glicht, uns von der Konkurrenz durch hervorragende Betriebsabl\u00e4ufe und freundlichen Umgang mit unseren vielen Kunden abzuheben. Mission Pacific Logistic\u00a0wird einer der f\u00fchrenden [&hellip;]<\/p>\n","protected":false},"author":1,"featured_media":0,"parent":0,"menu_order":0,"comment_status":"closed","ping_status":"closed","template":"","meta":[],"_links":{"self":[{"href":"https:\/\/pacificlogisticgroup.com\/index.php\/wp-json\/wp\/v2\/pages\/1456"}],"collection":[{"href":"https:\/\/pacificlogisticgroup.com\/index.php\/wp-json\/wp\/v2\/pages"}],"about":[{"href":"https:\/\/pacificlogisticgroup.com\/index.php\/wp-json\/wp\/v2\/types\/page"}],"author":[{"embeddable":true,"href":"https:\/\/pacificlogisticgroup.com\/index.php\/wp-json\/wp\/v2\/users\/1"}],"replies":[{"embeddable":true,"href":"https:\/\/pacificlogisticgroup.com\/index.php\/wp-json\/wp\/v2\/comments?post=1456"}],"version-history":[{"count":14,"href":"https:\/\/pacificlogisticgroup.com\/index.php\/wp-json\/wp\/v2\/pages\/1456\/revisions"}],"predecessor-version":[{"id":3168,"href":"https:\/\/pacificlogisticgroup.com\/index.php\/wp-json\/wp\/v2\/pages\/1456\/revisions\/3168"}],"wp:attachment":[{"href":"https:\/\/pacificlogisticgroup.com\/index.php\/wp-json\/wp\/v2\/media?parent=1456"}],"curies":[{"name":"wp","href":"https:\/\/api.w.org\/{rel}","templated":true}]}}